{"id":3,"date":"2023-06-19T07:52:30","date_gmt":"2023-06-19T07:52:30","guid":{"rendered":"https:\/\/kiela.com\/?page_id=3"},"modified":"2024-02-23T10:46:00","modified_gmt":"2024-02-23T08:46:00","slug":"politique-de-confidentialite","status":"publish","type":"page","link":"https:\/\/kiela.com\/fr\/politique-de-confidentialite\/","title":{"rendered":"Politique de confidentialit\u00e9"},"content":{"rendered":"<section class=\"bde-section-3-100 bde-section\">\n  \n  \n\t\n\n\n\n<div class=\"section-container\"><h1 class=\"bde-heading-3-101 bde-heading\">\nD\u00e9claration sur la protection des donn\u00e9es personnelles Kiela.com\n<\/h1><div class=\"bde-rich-text-3-103 bde-rich-text breakdance-rich-text-styles\">\n<p><sup>Kiela Beheer B.V. et Kiela Metaalwarenfabriek B.V., Driebruggen, Pays-Bas, attachent une grande importance \u00e0 la protection de vos donn\u00e9es personnelles. Cette d\u00e9claration vous informe sur les donn\u00e9es personnelles qui sont collect\u00e9es lorsque vous utilisez notre site web Kiela.com et sur la mani\u00e8re dont elles sont trait\u00e9es, utilis\u00e9es et prot\u00e9g\u00e9es.\u00a0 <br \/><br \/><strong><u>1. Champ de validit\u00e9<\/u><\/strong><br \/><strong>1.1<\/strong> <br \/>L'utilisation de la page Internet kiela.com est assur\u00e9e par Kiela Beheer B.V., Groendijck 15, 3465 JB Driebruggen (ci-apr\u00e8s \"Kiela\"). Kiela est responsable au sens de l'article 4 du R\u00e8glement g\u00e9n\u00e9ral sur la protection des donn\u00e9es (RGPD) de l'UE.<br \/><br \/><strong>1.2 <\/strong><br \/>Nous prot\u00e9geons vos donn\u00e9es personnelles. Les donn\u00e9es \u00e0 caract\u00e8re personnel comprennent les d\u00e9tails des relations personnelles ou professionnelles d'une personne physique sp\u00e9cifique ou identifiable. Il s'agit par exemple de votre nom, de votre adresse postale, de votre adresse \u00e9lectronique ou de votre num\u00e9ro de t\u00e9l\u00e9phone, ainsi que des donn\u00e9es d'utilisation telles que votre adresse IP. Les donn\u00e9es personnelles sont collect\u00e9es, trait\u00e9es et utilis\u00e9es conform\u00e9ment aux dispositions l\u00e9gales.<br \/><br \/><strong><u>2. Collecte et traitement automatis\u00e9s des donn\u00e9es par le navigateur<\/u><\/strong><br \/><strong>2.1<\/strong> <br \/>Comme pour toute page Internet, notre serveur recueille et stocke automatiquement et temporairement les donn\u00e9es suivantes dans les fichiers journaux du serveur envoy\u00e9s par le navigateur, si cette fonction n'a pas \u00e9t\u00e9 d\u00e9sactiv\u00e9e par vous :<br \/><br \/>- Adresse IP de l'ordinateur demandeur<br \/>- demande de donn\u00e9es de la part du client<br \/>- le code de r\u00e9ponse http<br \/>- la quantit\u00e9 de donn\u00e9es envoy\u00e9es<br \/>- la page internet \u00e0 partir de laquelle vous nous visitez (referrer URL)<br \/>- date et heure de la demande du serveur<br \/>- le type, la version et la langue du navigateur<br \/>- le syst\u00e8me d'exploitation utilis\u00e9 sur l'ordinateur demandeur<br \/><br \/>Les fichiers journaux du serveur ne font pas l'objet d'une \u00e9valuation personnalis\u00e9e. Ces donn\u00e9es ne peuvent \u00e0 aucun moment \u00eatre associ\u00e9es \u00e0 des personnes sp\u00e9cifiques par le fournisseur. Il n'y a pas de fusion de ces donn\u00e9es avec d'autres sources de donn\u00e9es.<br \/><br \/><strong>2.2 <\/strong><br \/>Sur notre site Internet, nous utilisons Google-Analytics, un service d'analyse du Web de Google Inc. (\"Google\"). Google Analytics utilise des cookies, des fichiers texte qui sont stock\u00e9s sur votre ordinateur et qui permettent d'analyser votre utilisation du site Internet. Des informations sont par exemple collect\u00e9es sur le syst\u00e8me d'exploitation, le navigateur, votre adresse IP, le site web que vous avez consult\u00e9 pr\u00e9c\u00e9demment (URL de r\u00e9f\u00e9rence) ainsi que la date et l'heure de votre visite sur notre site web. Les informations g\u00e9n\u00e9r\u00e9es par les cookies concernant votre utilisation de ce site Internet sont g\u00e9n\u00e9ralement transmises \u00e0 un serveur de Google aux \u00c9tats-Unis, o\u00f9 elles sont enregistr\u00e9es. Toutefois, si vous avez activ\u00e9 l'anonymisation IP sur cette page Internet, votre adresse IP sera raccourcie par Google au sein des \u00c9tats membres de l'Union europ\u00e9enne ou dans d'autres \u00c9tats contractants de l'accord sur l'Espace \u00e9conomique europ\u00e9en. Ce n'est que dans des cas exceptionnels que l'adresse IP compl\u00e8te sera envoy\u00e9e \u00e0 un serveur de Google aux \u00c9tats-Unis et y sera raccourcie. Au nom de l'exploitant de ce site, Google utilise ces informations pour analyser votre utilisation du site, \u00e9tablir des rapports sur les activit\u00e9s de ce site et fournir \u00e0 l'exploitant du site d'autres services li\u00e9s \u00e0 l'utilisation du site et d'Internet. L'adresse IP transmise par le navigateur dans le cadre de Google Analytics ne sera pas fusionn\u00e9e avec d'autres donn\u00e9es de Google. <br \/><br \/>Vous pouvez emp\u00eacher l'installation des cookies en param\u00e9trant votre navigateur en cons\u00e9quence ; nous attirons toutefois votre attention sur le fait que, dans ce cas, il se peut que vous ne puissiez pas utiliser toutes les fonctions de ce site Internet dans leur int\u00e9gralit\u00e9. Vous pouvez \u00e9galement emp\u00eacher la transmission \u00e0 Google des donn\u00e9es g\u00e9n\u00e9r\u00e9es par les cookies et relatives \u00e0 votre utilisation du site (y compris votre adresse IP), ainsi que le traitement de ces donn\u00e9es par Google, en t\u00e9l\u00e9chargeant et en installant le plug-in de navigateur disponible sous le lien suivant. <\/sup><a href=\"http:\/\/tools.google.com\/dlpage\/gaoptout?hl=de\" target=\"_blank\" rel=\"noopener\"><sup>http:\/\/tools.google.com<\/sup><\/a><sup><br \/><br \/>Nous utilisons Google Analytics pour analyser et am\u00e9liorer r\u00e9guli\u00e8rement l'utilisation de notre site Internet. Les statistiques qui en r\u00e9sultent nous permettent d'am\u00e9liorer notre offre et de la rendre plus int\u00e9ressante pour vous en tant qu'utilisateur. Dans la mesure o\u00f9 Google transmet exceptionnellement des donn\u00e9es personnelles aux \u00c9tats-Unis, il est soumis \u00e0 la loi sur la protection des donn\u00e9es. <\/sup><a href=\"https:\/\/www.privacyshield.gov\/EU-US-Framework\" target=\"_blank\" rel=\"noopener\"><sup>Bouclier de protection de la vie priv\u00e9e UE-USA<\/sup><\/a><sup>. La base juridique pour l'utilisation de Google Analytics est l'Art. 6 paragraphe 1 sub 1 f AVG.<br \/><br \/><strong>2.3 <\/strong><br \/>Re-targeting : nos pages Internet utilisent des technologies dites de re-targeting. Nous utilisons ces technologies pour rendre notre offre Internet plus int\u00e9ressante pour vous. Cette technologie nous permet de cibler les internautes qui ont d\u00e9j\u00e0 manifest\u00e9 de l'int\u00e9r\u00eat pour notre boutique et nos produits en leur proposant de la publicit\u00e9 sur les pages Internet de nos partenaires. Nous sommes convaincus que l'affichage de publicit\u00e9s personnalis\u00e9es et li\u00e9es \u00e0 des centres d'int\u00e9r\u00eat est g\u00e9n\u00e9ralement plus int\u00e9ressant pour l'internaute que la publicit\u00e9 qui n'est pas li\u00e9e \u00e0 ces centres d'int\u00e9r\u00eat. L'affichage de ces outils publicitaires sur les pages de nos partenaires est bas\u00e9 sur la technologie des cookies et sur une analyse du comportement ant\u00e9rieur de l'utilisateur. Ce type de publicit\u00e9 est enti\u00e8rement pseudonymis\u00e9. Aucun profil d'utilisation n'est li\u00e9 \u00e0 vos donn\u00e9es personnelles. En utilisant notre site web, vous acceptez l'utilisation de cookies et donc la collecte, le stockage et l'utilisation de vos donn\u00e9es d'utilisation. En outre, vos donn\u00e9es contenues dans les cookies seront sauvegard\u00e9es m\u00eame apr\u00e8s la fin de la session et, par exemple, r\u00e9cup\u00e9r\u00e9es lors de visites ult\u00e9rieures sur le site web. Vous pouvez r\u00e9voquer ce consentement \u00e0 tout moment avec effet pour l'avenir en refusant d'accepter les cookies dans les param\u00e8tres de votre navigateur. La base juridique de l'utilisation de la technologie de reciblage est l'article 6, paragraphe 1, alin\u00e9a 1, de la loi sur la protection des donn\u00e9es (AVG).<br \/><br \/><\/sup><strong><sup>2.4<\/sup><\/strong><sup> <br \/>Doubleclick by Google est un service de Google Inc, 1600 Amphitheatre Parkway Mountain View, CA 94043, USA (\"Google\"). <\/sup><sup>Doubleclick by Google utilise des cookies pour vous pr\u00e9senter des annonces publicitaires pertinentes. Un num\u00e9ro d'identification pseudonyme (ID) est attribu\u00e9 \u00e0 votre navigateur afin de v\u00e9rifier quelles annonces ont \u00e9t\u00e9 affich\u00e9es dans votre navigateur et lesquelles ont \u00e9t\u00e9 appel\u00e9es. Les cookies ne contiennent aucune donn\u00e9e personnelle. L'utilisation des cookies DoubleClick permet \u00e0 Google et \u00e0 ses sites Internet partenaires de modifier les annonces en fonction des visites pr\u00e9c\u00e9dentes sur notre site ou sur d'autres sites Internet. Les informations g\u00e9n\u00e9r\u00e9es par les cookies lors de l'utilisation de cette page Internet sont g\u00e9n\u00e9ralement transmises \u00e0 un serveur de Google aux Etats-Unis et y sont stock\u00e9es. Un transfert de donn\u00e9es par Google \u00e0 des tiers n'a lieu que sur la base de dispositions l\u00e9gales ou dans le cadre du traitement d'une commande. Google ne mettra en aucun cas vos donn\u00e9es en relation avec d'autres donn\u00e9es collect\u00e9es par Google. En utilisant nos sites Internet, vous d\u00e9clarez consentir au traitement des donn\u00e9es collect\u00e9es sur vous par Google de la mani\u00e8re d\u00e9crite pr\u00e9c\u00e9demment et dans le but indiqu\u00e9. Vous pouvez refuser l'utilisation de cookies en s\u00e9lectionnant les param\u00e8tres appropri\u00e9s de votre navigateur ; nous attirons toutefois votre attention sur le fait que, dans ce cas, il se peut que vous ne puissiez pas utiliser toutes les fonctionnalit\u00e9s de ce site web. En outre, vous pouvez emp\u00eacher la transmission \u00e0 Google des donn\u00e9es g\u00e9n\u00e9r\u00e9es par les cookies et relatives \u00e0 votre utilisation du site web, ainsi que le traitement de ces donn\u00e9es par Google, en utilisant le lien ci-dessous : Lien sous la rubrique Extension de d\u00e9sactivation DoubleClick disponible, en t\u00e9l\u00e9chargeant et en installant le plug-in de navigateur. Vous pouvez \u00e9galement d\u00e9sactiver les cookies Doubleclick sur la page de la Digital Advertising Alliance en cliquant sur le lien ci-dessous. La base juridique pour l'utilisation de vos donn\u00e9es est l'article 6 (1) sub 1 f AVG. Pour plus d'informations sur DoubleClick de Google, veuillez consulter les sites suivants <\/sup><a href=\"https:\/\/www.google.de\/doubleclick\" target=\"_blank\" rel=\"noopener\"><sup>https:\/\/www.google.de\/doubleclick<\/sup><\/a><sup> et <\/sup><a href=\"http:\/\/support.google.com\/adsense\" target=\"_blank\" rel=\"noopener\"><sup>http:\/\/support.google.com\/adsense<\/sup><\/a><sup>.<br \/><br \/><strong>2.5<\/strong> <br \/>Google Forms : nous utilisons le service Google Forms de Google pour r\u00e9aliser des enqu\u00eates ou des formulaires en ligne. Google Forms permet de concevoir et d'\u00e9valuer des enqu\u00eates et des formulaires en ligne. Outre les donn\u00e9es personnelles que vous saisissez dans les formulaires concern\u00e9s, des informations sur votre syst\u00e8me d'exploitation, votre navigateur, la date et l'heure de votre visite, l'URL de r\u00e9f\u00e9rence et votre adresse IP sont \u00e9galement enregistr\u00e9es. Vos donn\u00e9es personnelles sont trait\u00e9es par Google en notre nom. La base juridique du traitement des donn\u00e9es par Google est l'article 28 de la loi sur la protection des donn\u00e9es.<br \/><br \/>Le traitement a lieu r\u00e9guli\u00e8rement dans les \u00c9tats membres de l'Union europ\u00e9enne ou dans d'autres pays parties \u00e0 l'accord sur l'Espace \u00e9conomique europ\u00e9en. Si des donn\u00e9es personnelles sont transf\u00e9r\u00e9es aux \u00c9tats-Unis dans le cadre du traitement des commandes, nous avons convenu de clauses contractuelles standard avec Google. En outre, Google a adh\u00e9r\u00e9 au bouclier de protection de la vie priv\u00e9e UE-\u00c9tats-Unis, <\/sup><a href=\"https:\/\/www.privacyshield.gov\/EU-US-Framework\" target=\"_blank\" rel=\"noopener\"><sup>https:\/\/www.privacyshield.gov\/EU-US-Framework<\/sup><\/a><sup>. <br \/><br \/>Informations sur les fournisseurs tiers : Google Dublin, Google Ireland Ltd, Gordon House, Barrow Street, Dublin 4, Ireland, Fax : +353 (1) 436 1001. Politique de confidentialit\u00e9 : <\/sup><a href=\"http:\/\/www.google.de\/intl\/de\/policies\/privacy\" target=\"_blank\" rel=\"noopener\"><sup>http:\/\/www.google.de\/intl\/de\/policies\/privacy<\/sup><\/a><sup><br \/><br \/><strong><u>3. Collecte et traitement des donn\u00e9es fournies volontairement<\/u><\/strong><br \/><br \/><strong>3.1 <\/strong><br \/>Si vous nous communiquez des donn\u00e9es personnelles par e-mail, dans notre boutique en ligne ou via le formulaire de contact de notre site web, c'est g\u00e9n\u00e9ralement sur une base volontaire. Ces donn\u00e9es sont utilis\u00e9es pour l'ex\u00e9cution du contrat, le traitement de vos demandes et\/ou commandes, pour nos propres \u00e9tudes de march\u00e9 et d'opinion et pour notre propre publicit\u00e9 par courrier. Pour notre propre publicit\u00e9 par e-mail, vos donn\u00e9es ne seront utilis\u00e9es que si vous nous avez donn\u00e9 votre accord. Nous effa\u00e7ons les donn\u00e9es collect\u00e9es dans ce contexte d\u00e8s que leur stockage n'est plus n\u00e9cessaire. Si des exigences l\u00e9gales en mati\u00e8re d'archivage s'appliquent, nous limiterons le traitement. La base juridique est l'article 6, paragraphe 1, point b), de la loi sur la protection des donn\u00e9es ou l'article 6, paragraphe 1, point f), de la loi sur la protection des donn\u00e9es.<br \/><br \/><\/sup><\/p>\n<p><strong><sup>3.2 <\/sup><\/strong><sup><br \/>Si vous vous inscrivez dans notre boutique en ligne et cr\u00e9ez un profil client, les informations que vous avez saisies (en particulier le nom, l'adresse de facturation et de livraison, le num\u00e9ro de t\u00e9l\u00e9phone, les informations de paiement et l'adresse e-mail) seront sauvegard\u00e9es, de sorte que vous n'aurez pas \u00e0 saisir \u00e0 nouveau vos donn\u00e9es \u00e0 chaque fois que vous passerez une commande. Vous pouvez \u00e0 tout moment mettre \u00e0 jour ou supprimer votre profil. La base juridique est l'article 6, paragraphe 1, point 1 b, de la loi sur la protection des donn\u00e9es (AVG). 1 sub 1 b AVG.<br \/><br \/><strong>3.3 <\/strong><br \/>Si vous souhaitez vous abonner \u00e0 notre bulletin d'information, vous devez nous communiquer votre adresse \u00e9lectronique valide et votre pays de naissance et confirmer la d\u00e9claration d'accord ci-dessous (base juridique art. 6 paragraphe 1 sub 1 a AVG) :<br \/><br \/><em>\"J'accepte que Kiela Beheer B.V. et d'autres entreprises traitent et utilisent les donn\u00e9es que j'ai fournies pour m'informer, par le biais d'une lettre d'information \u00e9lectronique, sur les produits et les promotions et \u00e9v\u00e9nements actuels des entreprises Kiela. <br \/><br \/>Je peux r\u00e9voquer ce consentement \u00e0 tout moment par notification \u00e9crite \u00e0 Kiela Beheer B.V. Groendijck 15, 3465 JB Driebruggen, Pays-Bas ou par courrier \u00e9lectronique \u00e0 l'adresse suivante <\/em><\/sup><a href=\"mailto:info@kiela.nl\"><sup>info@kiela.nl<\/sup><\/a><sup>. <em>\u00a0Dans ce cas, les donn\u00e9es que j'ai fournies seront supprim\u00e9es de toutes les soci\u00e9t\u00e9s Kiela et ne seront plus utilis\u00e9es pour l'envoi de la lettre d'information\".<\/em><br \/><br \/><strong>3.4 <\/strong><br \/>Les donn\u00e9es personnelles qui nous sont communiqu\u00e9es par le biais de notre site Internet ne sont conserv\u00e9es que jusqu'\u00e0 ce que l'objectif pour lequel elles nous ont \u00e9t\u00e9 confi\u00e9es ait \u00e9t\u00e9 atteint. Apr\u00e8s l'ach\u00e8vement complet de la transaction, vos donn\u00e9es seront bloqu\u00e9es et effac\u00e9es apr\u00e8s expiration des dispositions fiscales et commerciales, si vous ne nous avez pas donn\u00e9 votre accord expr\u00e8s pour une utilisation ult\u00e9rieure des donn\u00e9es. Si des d\u00e9lais de conservation obligatoires en mati\u00e8re de droit commercial et fiscal doivent \u00eatre respect\u00e9s, la dur\u00e9e de conservation de certaines donn\u00e9es peut aller jusqu'\u00e0 10 ans.<br \/><br \/><strong><u>4. Transmission \u00e0 des tiers<\/u><\/strong><br \/><strong>4.1 <\/strong><br \/>Si vous nous avez fourni des donn\u00e9es personnelles, celles-ci ne seront pas transmises \u00e0 des tiers. Elles seront uniquement transmises <br \/>- dans le cadre d'une autorisation accord\u00e9e par vous. <br \/>- dans le cadre du traitement de vos demandes, de vos commandes, de vos paiements et de l'utilisation de nos services \u00e0 des sous-traitants charg\u00e9s de cette t\u00e2che, \u00e0 qui ces donn\u00e9es sont transmises exclusivement pour l'ex\u00e9cution sp\u00e9cifique de cette t\u00e2che.<br \/>- dans le cadre d'un traitement de commande selon les dispositions l\u00e9gales li\u00e9es \u00e0 la r\u00e9glementation des prestataires de services. <br \/>- dans le cadre du respect des obligations l\u00e9gales envers les autorit\u00e9s comp\u00e9tentes.<br \/><br \/>Le prestataire de services de paiement est responsable de vos donn\u00e9es de paiement. La base juridique du transfert est l'ex\u00e9cution du contrat (Art. 6 para. 1 sub 1 b AVG). Nous attirons votre attention sur le fait qu'il transmet vos donn\u00e9es \u00e0 caract\u00e8re personnel \u00e0 d'autres organismes charg\u00e9s du traitement des paiements, en particulier les \u00e9tablissements de cr\u00e9dit, les banques et les soci\u00e9t\u00e9s \u00e9mettrices de cartes de cr\u00e9dit concern\u00e9s. Vos donn\u00e9es personnelles y seront \u00e9galement trait\u00e9es pour le traitement des paiements.<\/sup><\/p>\n<p><strong><u><sup>5. Cookies<br \/><br \/><\/sup><\/u><\/strong><sup><strong>5.1<\/strong> <br \/>Nous utilisons des cookies sur le site Kiela.co.uk pour savoir ce que vous aimez et pour adapter nos offres \u00e0 vos besoins individuels. Les cookies sont de petits fichiers texte qui sont stock\u00e9s sur votre ordinateur ou votre appareil mobile et qui peuvent \u00eatre appel\u00e9s lors de visites ult\u00e9rieures. Les cookies ne contiennent aucune donn\u00e9e personnelle. Il n'y a pas d'amalgame de ces donn\u00e9es avec d'autres sources de donn\u00e9es.<br \/><br \/><strong>5.2<\/strong><br \/>Les cookies ne causent aucun dommage \u00e0 votre ordinateur ou \u00e0 votre appareil mobile et ne contiennent pas de virus. Si vous ne souhaitez pas que des cookies soient stock\u00e9s sur votre ordinateur, vous pouvez modifier les param\u00e8tres de votre navigateur de mani\u00e8re \u00e0 ce que les cookies ne puissent pas \u00eatre stock\u00e9s ou que vous deviez donner votre consentement expr\u00e8s au pr\u00e9alable. Veuillez noter que vous devrez peut-\u00eatre effectuer ces modifications pour chaque navigateur que vous utilisez pour acc\u00e9der \u00e0 cette page Internet et que, sans l'utilisation de cookies, il se peut que vous ne puissiez pas utiliser toutes les fonctions de cette page Internet.<br \/><br \/><strong><u>6. Vos droits<\/u><\/strong><br \/><strong>6.1 <\/strong><br \/>Vous pouvez nous demander gratuitement et sans motif des informations sur vos donn\u00e9es enregistr\u00e9es chez nous et sur leur origine, ainsi que sur le destinataire ou les groupes de destinataires auxquels ces donn\u00e9es ont \u00e9t\u00e9 transmises et sur la finalit\u00e9 de l'enregistrement. <br \/><br \/><strong>6.2 <\/strong><br \/>En outre, conform\u00e9ment aux dispositions l\u00e9gales, vous avez le droit de faire corriger, bloquer et supprimer vos donn\u00e9es personnelles. Si vous avez consenti \u00e0 l'utilisation de donn\u00e9es, vous pouvez r\u00e9voquer ce consentement \u00e0 tout moment sans donner de raisons. Si le traitement de vos donn\u00e9es est effectu\u00e9 sur la base d'int\u00e9r\u00eats l\u00e9gitimes conform\u00e9ment \u00e0 l'article 6, paragraphe 1, point f), de la loi sur la protection des donn\u00e9es, vous disposez d'un droit d'opposition conform\u00e9ment \u00e0 l'article 21 de la loi sur la protection des donn\u00e9es. Vous avez \u00e9galement le droit \u00e0 la portabilit\u00e9 des donn\u00e9es. En outre, vous avez le droit d'introduire une objection aupr\u00e8s d'une inspection de la protection des donn\u00e9es concernant notre traitement de vos donn\u00e9es personnelles.<br \/><br \/><strong>6.3 <\/strong><br \/>Veuillez adresser vos demandes d'information, de r\u00e9vocation du traitement des donn\u00e9es et autres demandes \u00e0 Kiela Beheer B.V., Groendijck 15, 3465 JB Driebruggen ou \u00e0 l'adresse \u00e9lectronique suivante <\/sup><a href=\"mailto:info@kiela.nl\"><sup>info@kiela.nl<\/sup><\/a><sup>. <br \/><br \/><strong>6.4 <\/strong><br \/>Pour toute question relative \u00e0 la protection des donn\u00e9es, vous pouvez \u00e9galement contacter notre responsable de la protection des donn\u00e9es, Mme E.B. Kiela, ou par courrier \u00e9lectronique \u00e0 l'adresse suivante <\/sup><a href=\"mailto:info@kiela.nl\"><sup>info@kiela.nl<\/sup><\/a><sup> wenden.<br \/><br \/><br \/><\/sup><\/p>\n<p>\u00a0<\/p>\n<\/div><\/div>\n<\/section>","protected":false},"excerpt":{"rendered":"<p>Verklaring inzake bescherming van persoonsgegevens Kiela.com Kiela Beheer B.V. en Kiela Metaalwarenfabriek B.V. gevestigd te Driebruggen hechten waarde aan de bescherming van uw persoonsgerelateerde gegevens. Met deze verklaring informeren wij u welke persoonsgerelateerde gegevens bij het gebruik van onze internetpagina Kiela.com verzameld worden en hoe deze vervolgens worden verwerkt, gebruikt en beschermd.\u00a0 1. Geldigheidsgebied1.1 Voor [&hellip;]<\/p>\n","protected":false},"author":7,"featured_media":0,"parent":0,"menu_order":0,"comment_status":"closed","ping_status":"open","template":"","meta":{"_acf_changed":false,"_breakdance_hide_in_design_set":false,"_breakdance_tags":"","footnotes":""},"class_list":["post-3","page","type-page","status-publish","hentry"],"acf":[],"_links":{"self":[{"href":"https:\/\/kiela.com\/fr\/wp-json\/wp\/v2\/pages\/3","targetHints":{"allow":["GET"]}}],"collection":[{"href":"https:\/\/kiela.com\/fr\/wp-json\/wp\/v2\/pages"}],"about":[{"href":"https:\/\/kiela.com\/fr\/wp-json\/wp\/v2\/types\/page"}],"author":[{"embeddable":true,"href":"https:\/\/kiela.com\/fr\/wp-json\/wp\/v2\/users\/7"}],"replies":[{"embeddable":true,"href":"https:\/\/kiela.com\/fr\/wp-json\/wp\/v2\/comments?post=3"}],"version-history":[{"count":1,"href":"https:\/\/kiela.com\/fr\/wp-json\/wp\/v2\/pages\/3\/revisions"}],"predecessor-version":[{"id":1893,"href":"https:\/\/kiela.com\/fr\/wp-json\/wp\/v2\/pages\/3\/revisions\/1893"}],"wp:attachment":[{"href":"https:\/\/kiela.com\/fr\/wp-json\/wp\/v2\/media?parent=3"}],"curies":[{"name":"wp","href":"https:\/\/api.w.org\/{rel}","templated":true}]}}